{"id":152,"date":"2024-08-19T14:53:33","date_gmt":"2024-08-19T12:53:33","guid":{"rendered":"https:\/\/digitalisierung-in-kommunen.de\/?page_id=152"},"modified":"2024-08-19T15:35:28","modified_gmt":"2024-08-19T13:35:28","slug":"themen-im-fokus","status":"publish","type":"page","link":"https:\/\/digitalisierung-in-kommunen.de\/","title":{"rendered":"\u00bbTHEMEN\u00ab im Fokus"},"content":{"rendered":"\t\t<div data-elementor-type=\"wp-page\" data-elementor-id=\"152\" class=\"elementor elementor-152\">\n\t\t\t\t<div class=\"elementor-element elementor-element-294ac7c e-con-full e-flex e-con e-parent\" data-id=\"294ac7c\" data-element_type=\"container\" data-e-type=\"container\">\n\t\t\t\t<div class=\"elementor-element elementor-element-f710771 elementor-widget elementor-widget-slider_revolution\" data-id=\"f710771\" data-element_type=\"widget\" data-e-type=\"widget\" data-widget_type=\"slider_revolution.default\">\n\t\t\t\t<div class=\"elementor-widget-container\">\n\t\t\t\t\t\n\t\t<div class=\"wp-block-themepunch-revslider\">\n\t\t\t<!-- START startslider REVOLUTION SLIDER 6.6.5 --><p class=\"rs-p-wp-fix\"><\/p>\n\t\t\t<rs-module-wrap id=\"rev_slider_1_1_wrapper\" data-source=\"gallery\" style=\"visibility:hidden;background:transparent;padding:0;margin:0px auto;margin-top:0;margin-bottom:0;\">\n\t\t\t\t<rs-module id=\"rev_slider_1_1\" style=\"\" data-version=\"6.6.5\">\n\t\t\t\t\t<rs-slides style=\"overflow: hidden; position: absolute;\">\n\t\t\t\t\t\t<rs-slide style=\"position: absolute;\" data-key=\"rs-1\" data-title=\"Slide\" data-in=\"o:0;\" data-out=\"a:false;\">\n\t\t\t\t\t\t\t<img fetchpriority=\"high\" decoding=\"async\" src=\"\/\/digitalisierung-in-kommunen.de\/wp-content\/plugins\/revslider\/public\/assets\/assets\/dummy.png\" alt=\"\" title=\"Anonymous,Shoppers,Walking,On,A,Shopping,High,Street\" width=\"2560\" height=\"1707\" class=\"rev-slidebg tp-rs-img rs-lazyload\" data-lazyload=\"\/\/digitalisierung-in-kommunen.de\/wp-content\/uploads\/2024\/08\/Smarte_Kommune-scaled.jpg\" data-no-retina>\n<!---->\t\t\t\t\t\t<\/rs-slide>\n\t\t\t\t\t<\/rs-slides>\n\t\t\t\t<\/rs-module>\n\t\t\t\t<script>\n\t\t\t\t\tsetREVStartSize({c: 'rev_slider_1_1',rl:[1240,1024,778,480],el:[550],gw:[1400],gh:[550],type:'standard',justify:'',layout:'fullwidth',mh:\"0\"});if (window.RS_MODULES!==undefined && window.RS_MODULES.modules!==undefined && window.RS_MODULES.modules[\"revslider11\"]!==undefined) {window.RS_MODULES.modules[\"revslider11\"].once = false;window.revapi1 = undefined;if (window.RS_MODULES.checkMinimal!==undefined) window.RS_MODULES.checkMinimal()}\n\t\t\t\t<\/script>\n\t\t\t<\/rs-module-wrap>\n\t\t\t<!-- END REVOLUTION SLIDER -->\n<\/div>\n\n\t\t\t\t\t\t<\/div>\n\t\t\t\t<\/div>\n\t\t\t\t<\/div>\n\t\t<div class=\"elementor-element elementor-element-d27ebcd e-flex e-con-boxed e-con e-parent\" data-id=\"d27ebcd\" data-element_type=\"container\" data-e-type=\"container\" data-settings=\"{&quot;background_background&quot;:&quot;classic&quot;}\">\n\t\t\t\t\t<div class=\"e-con-inner\">\n\t\t\t\t<div class=\"elementor-element elementor-element-02bee4e elementor-widget elementor-widget-text-editor\" data-id=\"02bee4e\" data-element_type=\"widget\" data-e-type=\"widget\" data-widget_type=\"text-editor.default\">\n\t\t\t\t<div class=\"elementor-widget-container\">\n\t\t\t\t\t\t\t\t\t<p>Schwerpunkte, Relevanz, Aktualit\u00e4t<\/p>\t\t\t\t\t\t\t\t<\/div>\n\t\t\t\t<\/div>\n\t\t\t\t<div class=\"elementor-element elementor-element-2e9e524 elementor-widget elementor-widget-text-editor\" data-id=\"2e9e524\" data-element_type=\"widget\" data-e-type=\"widget\" data-widget_type=\"text-editor.default\">\n\t\t\t\t<div class=\"elementor-widget-container\">\n\t\t\t\t\t\t\t\t\t<p><b>Digitalisierung in Kommunen<\/b><\/p>\t\t\t\t\t\t\t\t<\/div>\n\t\t\t\t<\/div>\n\t\t\t\t\t<\/div>\n\t\t\t\t<\/div>\n\t\t<div class=\"elementor-element elementor-element-8b1387c e-flex e-con-boxed e-con e-parent\" data-id=\"8b1387c\" data-element_type=\"container\" data-e-type=\"container\" data-settings=\"{&quot;background_background&quot;:&quot;classic&quot;}\">\n\t\t\t\t\t<div class=\"e-con-inner\">\n\t\t<div class=\"elementor-element elementor-element-adc28c5 e-flex e-con-boxed e-con e-child\" data-id=\"adc28c5\" data-element_type=\"container\" data-e-type=\"container\">\n\t\t\t\t\t<div class=\"e-con-inner\">\n\t\t\t\t<div class=\"elementor-element elementor-element-34c3fb1 elementor-widget elementor-widget-text-editor\" data-id=\"34c3fb1\" data-element_type=\"widget\" data-e-type=\"widget\" data-widget_type=\"text-editor.default\">\n\t\t\t\t<div class=\"elementor-widget-container\">\n\t\t\t\t\t\t\t\t\t<p>Wir bieten Ihnen praktische L\u00f6sungen zu Ihren Themen, um das Leben in Ihrer Gemeinde <strong>smarter und effizienter<\/strong> zu gestalten.<\/p><p><b>Ihre \u00bb<\/b><b> THEMEN <\/b><b>\u00ab<\/b><b> im Fokus<\/b><\/p>\t\t\t\t\t\t\t\t<\/div>\n\t\t\t\t<\/div>\n\t\t\t\t\t<\/div>\n\t\t\t\t<\/div>\n\t\t\t\t\t<\/div>\n\t\t\t\t<\/div>\n\t\t<div class=\"elementor-element elementor-element-1f002a0 e-flex e-con-boxed e-con e-parent\" data-id=\"1f002a0\" data-element_type=\"container\" data-e-type=\"container\" data-settings=\"{&quot;background_background&quot;:&quot;classic&quot;}\">\n\t\t\t\t\t<div class=\"e-con-inner\">\n\t\t<div class=\"elementor-element elementor-element-1c8baf7 e-flex e-con-boxed e-con e-child\" data-id=\"1c8baf7\" data-element_type=\"container\" data-e-type=\"container\">\n\t\t\t\t\t<div class=\"e-con-inner\">\n\t\t\t\t<div class=\"elementor-element elementor-element-f71456a elementor-widget elementor-widget-text-editor\" data-id=\"f71456a\" data-element_type=\"widget\" data-e-type=\"widget\" data-widget_type=\"text-editor.default\">\n\t\t\t\t<div class=\"elementor-widget-container\">\n\t\t\t\t\t\t\t\t\t<p><span style=\"color: #ff6600;\">\u2013<\/span> Smarte Kommune<\/p><p><span style=\"color: #ff6600;\">\u2013<\/span> IT-Sicherheit<\/p><p><span style=\"color: #ff6600;\">\u2013<\/span> Digitale Daseinsvorsorge (Digitale Teilhabe)<\/p><p><span style=\"color: #ff6600;\">\u2013<\/span> Onlinezugangsgesetz<\/p><p><span style=\"color: #ff6600;\">\u2013<\/span> Digitale Souver\u00e4nit\u00e4t<\/p>\t\t\t\t\t\t\t\t<\/div>\n\t\t\t\t<\/div>\n\t\t\t\t\t<\/div>\n\t\t\t\t<\/div>\n\t\t\t\t\t<\/div>\n\t\t\t\t<\/div>\n\t\t<div class=\"elementor-element elementor-element-d158dc6 e-flex e-con-boxed e-con e-parent\" data-id=\"d158dc6\" data-element_type=\"container\" data-e-type=\"container\" data-settings=\"{&quot;background_background&quot;:&quot;classic&quot;}\">\n\t\t\t\t\t<div class=\"e-con-inner\">\n\t\t<div class=\"elementor-element elementor-element-3494c27 e-flex e-con-boxed e-con e-child\" data-id=\"3494c27\" data-element_type=\"container\" data-e-type=\"container\">\n\t\t\t\t\t<div class=\"e-con-inner\">\n\t\t\t\t<div class=\"elementor-element elementor-element-25d1913 elementor-widget elementor-widget-text-editor\" data-id=\"25d1913\" data-element_type=\"widget\" data-e-type=\"widget\" data-widget_type=\"text-editor.default\">\n\t\t\t\t<div class=\"elementor-widget-container\">\n\t\t\t\t\t\t\t\t\t<p>Die Digitalisierung und der demografische Wandel geh\u00f6ren zu den gr\u00f6\u00dften Herausforderungen.<\/p><p><strong>Meistern wir sie zusammen.<\/strong><\/p>\t\t\t\t\t\t\t\t<\/div>\n\t\t\t\t<\/div>\n\t\t\t\t\t<\/div>\n\t\t\t\t<\/div>\n\t\t\t\t\t<\/div>\n\t\t\t\t<\/div>\n\t\t\t\t<\/div>\n\t\t","protected":false},"excerpt":{"rendered":"<p>Schwerpunkte, Relevanz, Aktualit\u00e4t Digitalisierung in Kommunen Wir bieten Ihnen praktische L\u00f6sungen zu Ihren Themen, um das Leben in Ihrer Gemeinde smarter und effizienter zu gestalten. Ihre \u00bb THEMEN \u00ab im Fokus \u2013 Smarte Kommune \u2013 IT-Sicherheit \u2013 Digitale Daseinsvorsorge (Digitale Teilhabe) \u2013 Onlinezugangsgesetz \u2013 Digitale Souver\u00e4nit\u00e4t Die Digitalisierung und der demografische Wandel geh\u00f6ren zu den [&hellip;]<\/p>\n","protected":false},"author":1,"featured_media":0,"parent":0,"menu_order":1,"comment_status":"closed","ping_status":"closed","template":"page-full-width.php","meta":{"footnotes":""},"class_list":["post-152","page","type-page","status-publish","hentry"],"_links":{"self":[{"href":"https:\/\/digitalisierung-in-kommunen.de\/index.php?rest_route=\/wp\/v2\/pages\/152","targetHints":{"allow":["GET"]}}],"collection":[{"href":"https:\/\/digitalisierung-in-kommunen.de\/index.php?rest_route=\/wp\/v2\/pages"}],"about":[{"href":"https:\/\/digitalisierung-in-kommunen.de\/index.php?rest_route=\/wp\/v2\/types\/page"}],"author":[{"embeddable":true,"href":"https:\/\/digitalisierung-in-kommunen.de\/index.php?rest_route=\/wp\/v2\/users\/1"}],"replies":[{"embeddable":true,"href":"https:\/\/digitalisierung-in-kommunen.de\/index.php?rest_route=%2Fwp%2Fv2%2Fcomments&post=152"}],"version-history":[{"count":20,"href":"https:\/\/digitalisierung-in-kommunen.de\/index.php?rest_route=\/wp\/v2\/pages\/152\/revisions"}],"predecessor-version":[{"id":184,"href":"https:\/\/digitalisierung-in-kommunen.de\/index.php?rest_route=\/wp\/v2\/pages\/152\/revisions\/184"}],"wp:attachment":[{"href":"https:\/\/digitalisierung-in-kommunen.de\/index.php?rest_route=%2Fwp%2Fv2%2Fmedia&parent=152"}],"curies":[{"name":"wp","href":"https:\/\/api.w.org\/{rel}","templated":true}]}}